{"id":1227,"date":"2023-06-15T14:00:00","date_gmt":"2023-06-15T12:00:00","guid":{"rendered":"http:\/\/infotujci.si\/vkljucevanje-v-slovensko-druzbo\/brezplacni-tecaji-slovenskega-jezika\/lokacije\/"},"modified":"2024-10-24T10:40:32","modified_gmt":"2024-10-24T08:40:32","slug":"locations","status":"publish","type":"page","link":"\/en\/integration-into-slovenian-society\/free-slovenian-language-courses\/locations\/","title":{"rendered":"Locations"},"content":{"rendered":"<div class=\"fusion-fullwidth fullwidth-box fusion-builder-row-1 nonhundred-percent-fullwidth non-hundred-percent-height-scrolling\"  style='background-color: rgba(255,255,255,0);background-position: center center;background-repeat: no-repeat;padding-top:0px;padding-right:0px;padding-bottom:0px;padding-left:0px;'><div class=\"fusion-builder-row fusion-row \"><div  class=\"fusion-layout-column fusion_builder_column fusion_builder_column_1_1 fusion-builder-column-0 fusion-one-full fusion-column-first fusion-column-last 1_1\"  style='margin-top:0px;margin-bottom:20px;'><div class=\"fusion-column-wrapper\" style=\"padding: 0px 0px 0px 0px;background-position:left top;background-repeat:no-repeat;-webkit-background-size:cover;-moz-background-size:cover;-o-background-size:cover;background-size:cover;\"   data-bg-url=\"\"><div class=\"fusion-text\"><p style=\"text-align: center;\"><strong>Central Slovenia Region\u00a0\u00a0\u00a0\u00a0\u00a0 <\/strong><\/p>\n<p><strong>LJUBLJANA, DOM\u017dALE, GROSUPLJE, VRHNIKA AND KAMNIK<\/strong><\/p>\n<p>Cene \u0160tupar Public Institution &#8211; CILJ (managing partner), Veris LLC, Velenje School Centre and Trebnje Education and Culture Centre (CIK).<\/p>\n<p>Address of the organisation where one shall apply: Cene \u0160tupar Public Institute &#8211; CILJ, Ulica Ambro\u017ei\u010da Novljana 5, 1000 Ljubljana<\/p>\n<p>How to apply:<\/p>\n<ul>\n<li>By submitting an electronic online application at the following link: <a href=\"https:\/\/www.cene-stupar.si\/sl\/jezikovna-sola\/tecaj-slovenscine\/zip\">https:\/\/www.cene-stupar.si\/sl\/jezikovna-sola\/tecaj-slovenscine\/zip<\/a>. Within one month at the latest, one shall be invited by the contractor to enrol in person, to take the knowledge test and to submit the original certificate received from the administrative unit.<\/li>\n<li>at the location of the Cene \u0160tupar Public Institution &#8211; CILJ, Ulica Ambro\u017ei\u010da Novljana 5, 1000 Ljubljana: one shall visit the Registrar&#8217;s Office (office no. 26) during office hours, where they will receive further information regarding the online application, enrolment procedure, the knowledge test and certificate submission. Office hours: Monday to Thursday 8 am &#8211; 11 am and 1 pm &#8211; 4 pm, Wednesdays until 5 pm.<\/li>\n<\/ul>\n<p style=\"text-align: center;\"><strong>Drava and Mura regions<\/strong><\/p>\n<p><strong>MARIBOR, SLOVENSKA BISTRICA<\/strong><\/p>\n<p><a href=\"http:\/\/azmlu.splet.arnes.si\/tecaji-usposabljanja-in-izobrazevanje-odraslih-maribor\/jezikovni-tecaji-maribor\/zip\/\">Andragogical Institute Maribor \u2013 Adult Education University <\/a><\/p>\n<p>Maistrova ulica 5<\/p>\n<p>SI-2000 Maribor<\/p>\n<p>Applications shall be submitted in person from Monday to Friday: 8 am \u2013 12 pm and 1 pm \u2013 4 pm, except Wednesday until 6 pm and Friday until 2 pm.<\/p>\n<p><strong>PTUJ<\/strong><\/p>\n<p><a href=\"https:\/\/www.lu-ptuj.si\/\">Ptuj Adult Education University <\/a><\/p>\n<p>Mestni trg 2<\/p>\n<p>2250 Ptuj<\/p>\n<p>Applications shall be submitted in person from Monday to Thursday: 8 am \u2013 4 pm, Friday: 8 am &#8211; 1 pm.<\/p>\n<p><strong>MURSKA SOBOTA<\/strong><\/p>\n<p><a href=\"https:\/\/www.lums.si\/\">Murska Sobota Adult Education University <\/a><\/p>\n<p>Slom\u0161kova ulica 33<\/p>\n<p>9000 Murska Sobota<\/p>\n<p>Applications shall be submitted in person from Monday to Thursday: 8 am \u2013 5 pm, Friday: 8 am \u2013 2 pm (July, August: Monday: 8 am \u2013 3 pm, Tuesday to Friday: 8 am \u2013 2 pm).<\/p>\n<p style=\"text-align: center;\"><strong>Savinja region<\/strong><\/p>\n<p><strong>CELJE<\/strong><\/p>\n<p>Celje Adult Education University<\/p>\n<p>Cankarjeva ulica 1<\/p>\n<p>3000 Celje<\/p>\n<p>Office hours for the submission of certificates: Monday &#8211; Thursday: 9 am \u2013 5 pm, Friday: 9 am \u2013 4 pm.<\/p>\n<p><strong>\u0160ENTJUR<\/strong><\/p>\n<p><a href=\"http:\/\/www.lusentjur.si\/\">Kozjansko Development Agency \u2013 \u0160entjur<\/a> Adult Education University<\/p>\n<p>Mestni trg 5<\/p>\n<p>3230 \u0160entjur<\/p>\n<p>Office hours for the submission of certificates: Monday &#8211; Thursday: 8 am \u2013 3 pm, Friday: 8 am \u2013 1 pm.<\/p>\n<p><strong>\u017dALEC<\/strong><\/p>\n<p><a href=\"http:\/\/www.upi.si\/\">\u017dalec Adult Education University<\/a><\/p>\n<p>Ulica Ivanke Uranjek 6<\/p>\n<p>3310 \u017dalec<\/p>\n<p>Office hours for the submission of certificates: Monday &#8211; Friday: 10 am &#8211; 12 pm and 2 pm \u2013 4 pm, July and August: 9 am \u2013 2 pm.<\/p>\n<p><strong>SLOVENSKE KONJICE<\/strong><\/p>\n<p><a href=\"https:\/\/www.sc-konjice-zrece.si\/index.php\">School Centre Slovenske Konjice &#8211; Zre\u010de<\/a><\/p>\n<p>Tattenbachova ul. 2a<\/p>\n<p>3210 Slovenske Konjice<\/p>\n<p>Office hours for the submission of certificates: Monday &#8211; Thursday: 8 am \u2013 3 pm, Friday: 8 am \u2013 1 pm, also by prior appointment.<\/p>\n<p><strong>ROGA\u0160KA SLATINA<\/strong><\/p>\n<p><a href=\"http:\/\/www.lu-rogaska.si\/\">Roga\u0161ka Slatina Adult Education University<\/a><\/p>\n<p>Celjska cesta 3 A<\/p>\n<p>3250 Roga\u0161ka Slatina<\/p>\n<p>Office hours for the submission of certificates: every working day from 7 am \u2013 3 pm.<\/p>\n<p><strong>VELENJE<\/strong><\/p>\n<p><a href=\"http:\/\/www.lu-velenje.si\/\">Andragogical Institute \u2013 Velenje Adult Education University<\/a><\/p>\n<p>Titov trg 2<\/p>\n<p>3320 Velenje (information office)<\/p>\n<p>Places covered by the organisation in charge of registration &#8211; Velenje and \u0160o\u0161tanj<\/p>\n<p>Office hours for the submission of certificates: Monday, Wednesday, Thursday: 8 am \u2013 4 pm, Tuesday: 8 am -12 pm and 4 pm \u2013 8 pm, Friday: 8 am \u2013 2 pm; summer office hours (July, August): daily 8 am \u2013 2 pm.<\/p>\n<p><a href=\"https:\/\/mic.scv.si\/\">Velenje School Centre, Business-to-Business Education Centre<\/a><\/p>\n<p>Koro\u0161ka 62a<\/p>\n<p>Velenje<\/p>\n<p>Mic 3 building, 1st floor, project office M3 &#8211; 207<\/p>\n<p>Office hours for the submission of certificates &#8211; Monday to Friday: 11 am &#8211; 3 pm, Wednesdays until 4 pm.<\/p>\n<p style=\"text-align: center;\"><strong>Central Sava region<\/strong><\/p>\n<p><strong>ZAGORJE<\/strong><\/p>\n<p><a href=\"https:\/\/www.zlu.si\/brezplacni-programi\/za-priseljence\/zacetna-integracija-priseljencev-zip\/\">Zasavje Adult Education University<\/a><\/p>\n<p>Cankarjev trg 4<\/p>\n<p>Zagorje<\/p>\n<p>Trg svobode 11 a<\/p>\n<p>Trbovlje<\/p>\n<p>Office hours for the submission of certificates: Monday, Tuesday, Wednesday, Thursday: 8 am \u2013 4 pm, Friday: 8 am \u2013 1 pm.<\/p>\n<p><strong>TRBOVLJE<\/strong><\/p>\n<p><a href=\"https:\/\/www.zlu.si\/brezplacni-programi\/za-priseljence\/zacetna-integracija-priseljencev-zip\/\">Zasavje Adult Education University<\/a><\/p>\n<p>Trg svobode 11 a<\/p>\n<p>Trbovlje<\/p>\n<p>Office hours for the submission of certificates: Monday, Tuesday, Thursday: 9 am &#8211; 11.30 am and 12.30 pm \u2013 3 pm, Wednesday: 9 am -11.30 am and 12.30 pm \u2013 5 pm, Friday: 9 am \u2013 12 pm.<\/p>\n<p style=\"text-align: center;\"><strong>Upper Carniola Region<\/strong><\/p>\n<p><strong>KRANJ<\/strong><\/p>\n<p><a href=\"https:\/\/www.luniverza.si\/izobrazevanje\/jezikovna-sola\/zacetna-integracija-priseljencev-zip-2024-2026\">Kranj Adult Education University<\/a><\/p>\n<p>Cesta Staneta \u017dagarja 1<\/p>\n<p>4000 Kranj<\/p>\n<p>Office hours for the submission of certificates: Monday &#8211; Thursday: 9 am \u2013 5 pm, Friday: 9 am \u2013 2 pm.<\/p>\n<p><strong>\u0160KOFJA LOKA:<\/strong><\/p>\n<p><a href=\"https:\/\/www.lu-skofjaloka.si\/zacetna-integracija-priseljencev-zip\/\">\u0160kofja Loka<\/a> Adult Education University<\/p>\n<p>Podlubnik 1a<\/p>\n<p>4220 \u0160kofja Loka<\/p>\n<p>Office hours for the submission of certificates: Monday \u2013 Thursday: 10 am \u2013 3 pm.<\/p>\n<p><strong>JESENICE<\/strong><\/p>\n<p><a href=\"https:\/\/lu-jesenice.net\/zacetna-integracija-priseljencev-zip\/\">Jesenice Adult Education University<\/a><\/p>\n<p>Delavska ulica 1<\/p>\n<p>4270 Jesenice<\/p>\n<p>Office hours for the submission of certificates: Monday \u2013 Thursday: 8 am \u2013 6 pm, Friday: 8 am \u2013 2 pm.<\/p>\n<p><strong>RADOVLJICA, BLED:<\/strong><\/p>\n<p><a href=\"https:\/\/lu-r.si\/\">Ljudska univerza Radovljica<\/a><\/p>\n<p>Kranjska cesta 4<\/p>\n<p>4240 Radovljica<\/p>\n<p>Office hours for the submission of certificates: Monday, Thursday and Friday from 9 am to 3.30 pm, Tuesday and Wednesday from 9 am to 6.30 pm.<\/p>\n<p><strong>TR\u017dI\u010c:<\/strong><\/p>\n<p><a href=\"https:\/\/www.lu-trzic.si\/projekti\/zip-zacetna-integracija-priseljencev\/\">Tr\u017ei\u010d<\/a> Adult Education University<\/p>\n<p>Trg svobode 9<\/p>\n<p>4290 Tr\u017ei\u010d<\/p>\n<p>Office hours for the submission of certificates: Monday, Tuesday, Thursday from 9 am to 3 pm, Wednesday from 8 am to 5 pm.<\/p>\n<p style=\"text-align: center;\"><strong>Coastal &#8211; Karst, Littoral &#8211; Inner Carniola Region<\/strong><\/p>\n<p><strong>KOPER<\/strong><\/p>\n<p><a href=\"https:\/\/www.lu-koper.si\/\">Koper Adult Education University<\/a><\/p>\n<p>Cankarjeva ulica 33<\/p>\n<p>Koper<\/p>\n<p>Office hours for REGISTRATION (they will collect the test and the registration form): Monday \u2013 Thursday: 8 am \u2013 12 pm and 2 pm \u2013 6 pm, Friday: 8 am \u2013 12 pm and 2 pm &#8211; 4.30 pm.<\/p>\n<p><a href=\"https:\/\/izobrazevanje.veris.si\/obrazec-zip\">VERIS d.o.o.<\/a><\/p>\n<p>Verov\u0161kova 55<\/p>\n<p>1000 Ljubljana<\/p>\n<p>Places covered by the organisation in charge of registration: Koper, Izola, Piran, Se\u017eana, Ilirska Bistrica, Nova Gorica, Ajdov\u0161\u010dina.<\/p>\n<p>Office hours for REGISTRATION: every working day from 8 am to 4 pm.<\/p>\n<p><strong>IZOLA, PIRAN<\/strong><\/p>\n<p><a href=\"https:\/\/izobrazevanje.veris.si\/obrazec-zip\">VERIS d.o.o.<\/a><\/p>\n<p>Verov\u0161kova 55<\/p>\n<p>1000 Ljubljana<\/p>\n<p>Office hours for REGISTRATION: every working day from 8 am to 4 pm.<\/p>\n<p><strong>POSTOJNA<\/strong><\/p>\n<p><a href=\"https:\/\/www.lu-postojna.si\/\">Postojna Adult Education University<\/a><\/p>\n<p>Ljubljanska cesta 2<\/p>\n<p>6230 Postojna<\/p>\n<p>Places: Postojna<\/p>\n<p>Office hours: Monday \u2013 Friday: 8 am &#8211; 11 am and 12 pm &#8211; 4 pm.<\/p>\n<p><strong>SE\u017dANA<\/strong><\/p>\n<p><a href=\"https:\/\/lu-sezana.si\/\">Se\u017eana<\/a> Adult Education University<\/p>\n<p>Bazovi\u0161ka cesta 9<\/p>\n<p>6210 Se\u017eana<\/p>\n<p>Office hours for REGISTRATION (they will collect the test and the registration form): 8 am &#8211; 12 and 1 pm \u2013 4 pm.<\/p>\n<p><strong>ILIRSKA BISTRICA<\/strong><\/p>\n<p><a href=\"https:\/\/www.lu-ilirska-bistrica.si\/\">Anton \u017dnider\u0161i\u010d Primary School Ilirska Bistrica \u2013<\/a> Adult Education University<\/p>\n<p>Rozmanova 25b<\/p>\n<p>Ilirska Bistrica<\/p>\n<p>Office hours for REGISTRATION (they will collect the test and the registration form). Monday, Tuesday, Wednesday and Friday: 7 am \u2013 3 pm, Thursday: 7 am \u2013 6 pm.<\/p>\n<p style=\"text-align: center;\"><strong>Carinthia region<\/strong><\/p>\n<p><strong>SLOVENJ GRADEC, RADLJE OB DRAVI<\/strong><\/p>\n<p><a href=\"http:\/\/www.mocis.si\/jeziki\/#ZIP\">MOCIS, Adult Education<\/a> Centre<\/p>\n<p>Me\u0161kova ulica 21<\/p>\n<p>2380 Slovenj Gradec<\/p>\n<p>Office hours: Monday &#8211; Thursday: 8 am &#8211; 4 pm, Friday: 8 am &#8211; 1 pm<\/p>\n<p><strong>RAVNE NA KORO\u0160KEM<\/strong><\/p>\n<p><a href=\"https:\/\/www.lura.si\/projektni-krog\/zacetna-integracija-priseljencev-zip\">Ravne na Koro\u0161kem<\/a> Adult Education University<\/p>\n<p>\u010ce\u010dovje 12a<\/p>\n<p>2390 Ravne na Koro\u0161kem<\/p>\n<p>Office hours: Monday, Tuesday and Thursday: 10 am &#8211; 12 pm, Wednesday: 9 am &#8211; 11 am and 2 pm \u2013 4 pm.<\/p>\n<p><strong>\u00a0 \u00a0 \u00a0 \u00a0 \u00a0 \u00a0 \u00a0 \u00a0 \u00a0 \u00a0 \u00a0 \u00a0 \u00a0 \u00a0 \u00a0 \u00a0 \u00a0 \u00a0 \u00a0 \u00a0 \u00a0 \u00a0 \u00a0 \u00a0 \u00a0 \u00a0 \u00a0 \u00a0 \u00a0 \u00a0 \u00a0 \u00a0 \u00a0 \u00a0 \u00a0 \u00a0 \u00a0 \u00a0 \u00a0 \u00a0 \u00a0 \u00a0 \u00a0 \u00a0 \u00a0 \u00a0 \u00a0 \u00a0 \u00a0 \u00a0 Gorizia region<\/strong><\/p>\n<p><strong>NOVA GORICA, AJDOV\u0160\u010cINA, POSTOJNA, IDRIJA<\/strong>, <strong>TOLMIN<\/strong><\/p>\n<p><a href=\"https:\/\/izobrazevanje.veris.si\/za%C4%8Detna-integracija-priseljencev---te%C4%8Daji-sloven%C5%A1%C4%8Dine-zip\">Veris d.o.o.<\/a><\/p>\n<p>VEROV\u0160KOVA 55, 1000 Ljubljana<\/p>\n<p>Places: Ljubljana, Ajdov\u0161\u010dina<\/p>\n<p>Monday: 10 am \u2013 12 pm; Wednesday: 12 pm to 2 pm.<\/p>\n<p>Visits are possible during office hours and by prior appointment at VEROV\u0160KOVA 55, 1000 Ljubljana<\/p>\n<p><strong>AJDOV\u0160\u010cINA<\/strong><\/p>\n<p><a href=\"https:\/\/www.lu-ajdovscina.si\/jezikovno-izobrazevanje\/zip\/\">Ajdov\u0161\u010dina Adult Education University<\/a><\/p>\n<p>Stritarjeva ulica 1a<\/p>\n<p>5270 Ajdov\u0161\u010dina<\/p>\n<p>Anyone wishing to join the educational process is expected to meet the requirements and follow the procedure:<\/p>\n<p>1 &#8211; First, fill in the ONLINE registration form.<\/p>\n<p>2 &#8211; Once we have received an application, we invite each candidate to enrol IN PERSON, such enrolment taking place on specific OFFICE DAYS. Each person is given their own date for enrolment\/certificate submission.<\/p>\n<p><strong>NOVA GORICA<\/strong><\/p>\n<p><a href=\"https:\/\/www.lung.si\/zip-te%C4%8Daji\">LUNG &#8211; Nova Gorica<\/a> Adult Education University<\/p>\n<p>Cankarjeva ul. 8<\/p>\n<p>5000 Nova Gorica<\/p>\n<p>Office hours: Monday \u2013 Friday: 8 am \u2013 12 pm and 1 pm \u2013 4 pm.<\/p>\n<p><strong>TOLMIN<\/strong><\/p>\n<p>Poso\u0161ki razvojni center, OE ljudska univerza<\/p>\n<p>Trg tigrovcev 1<\/p>\n<p>5220 Tolmin<\/p>\n<p>Office hours: Monday \u2013 Friday: 8 am \u2013 11 am and 12 pm \u2013 3 pm.<\/p>\n<p><strong>IDRIJA<\/strong><\/p>\n<p><a href=\"https:\/\/www.icra.si\/aktualno\/593\/vpisujemo-v-program-zacetna-%20%20%20integracija-priseljencev-zip\/\">Idrija \u2013 Cerkno Development Agency <\/a>LLC<\/p>\n<p>Mestni trg 1<\/p>\n<p>5280 Idrija<\/p>\n<p>Office hours: Monday \u2013 Friday: 9 am &#8211; 2 pm<\/p>\n<p style=\"text-align: center;\"><strong>Southeast Slovenia<\/strong><\/p>\n<p><strong>NOVO MESTO, KO\u010cEVJE\u00a0\u00a0\u00a0\u00a0\u00a0 <\/strong><\/p>\n<p><a href=\"https:\/\/www.ric-nm.si\/si\/programi\/informacije-za-tujce\/zip\/\">Development and Education Centre Novo mesto<\/a><\/p>\n<p>Topli\u0161ka cesta 2<\/p>\n<p>8000 Novo mesto<\/p>\n<p>Office hours for the submission of certificates: Monday, Wednesday, Friday: 8 am \u2013 11 am; Wednesday: 1 pm \u2013 5 pm.<\/p>\n<p><strong>TREBNJE<\/strong><\/p>\n<p><a href=\"https:\/\/ciktrebnje.si\/izobrazevanje\/zacetna-integracija-priseljencev-zip\/\">Trebnje Education and Culture Centre<\/a><\/p>\n<p>Kidri\u010deva ulica 2<\/p>\n<p>8210 Trebnje<\/p>\n<p>Office hours for the submission of certificates: Monday, Wednesday, Friday: 8 am \u2013 11 am; Wednesday: 1 pm \u2013 5 pm.<\/p>\n<p><strong>\u010cRNOMELJ<\/strong><\/p>\n<p><a href=\"https:\/\/zik-crnomelj.eu\/sl\/izobrazevalni-programi\/jezikovni-tecaji\/zacetna-integracija-priseljencev-zip\/\">\u010crnomelj Education and Culture Institute <\/a><\/p>\n<p>Kolodvorska cesta 32 c<\/p>\n<p>8340 \u010crnomelj<\/p>\n<p>Office hours for the submission of certificates: Monday, Wednesday, Friday: 8 am \u2013 11 am; Wednesday: 1 pm \u2013 5 pm.<\/p>\n<p style=\"text-align: center;\"><strong>Lower Sava region<\/strong><\/p>\n<p><strong>KR\u0160KO, BRE\u017dICE, SEVNICA<\/strong><\/p>\n<p><a href=\"https:\/\/www.lukrsko.si\/\">Kr\u0161ko<\/a> Adult Education University<\/p>\n<p>Dalmatinova 6<\/p>\n<p>8270 Kr\u0161ko<\/p>\n<p>Office hours for the submission of certificates: Monday, Tuesday and Thursday from 7:30 am to 3 pm, Wednesday from 07:30 am to 5 pm, and Friday from 7:30 am to 1 pm.<\/p>\n<\/div><div class=\"fusion-clearfix\"><\/div><\/div><\/div><\/div><\/div>\n","protected":false},"excerpt":{"rendered":"","protected":false},"author":1,"featured_media":0,"parent":1224,"menu_order":2,"comment_status":"closed","ping_status":"closed","template":"","meta":[],"_links":{"self":[{"href":"https:\/\/infotujci.si\/en\/wp-json\/wp\/v2\/pages\/1227"}],"collection":[{"href":"https:\/\/infotujci.si\/en\/wp-json\/wp\/v2\/pages"}],"about":[{"href":"https:\/\/infotujci.si\/en\/wp-json\/wp\/v2\/types\/page"}],"author":[{"embeddable":true,"href":"https:\/\/infotujci.si\/en\/wp-json\/wp\/v2\/users\/1"}],"replies":[{"embeddable":true,"href":"https:\/\/infotujci.si\/en\/wp-json\/wp\/v2\/comments?post=1227"}],"version-history":[{"count":51,"href":"https:\/\/infotujci.si\/en\/wp-json\/wp\/v2\/pages\/1227\/revisions"}],"predecessor-version":[{"id":6072,"href":"https:\/\/infotujci.si\/en\/wp-json\/wp\/v2\/pages\/1227\/revisions\/6072"}],"up":[{"embeddable":true,"href":"https:\/\/infotujci.si\/en\/wp-json\/wp\/v2\/pages\/1224"}],"wp:attachment":[{"href":"https:\/\/infotujci.si\/en\/wp-json\/wp\/v2\/media?parent=1227"}],"curies":[{"name":"wp","href":"https:\/\/api.w.org\/{rel}","templated":true}]}}